{"id":2778,"date":"2017-11-07T12:03:18","date_gmt":"2017-11-07T12:03:18","guid":{"rendered":"http:\/\/fatbeescooter.com\/?page_id=2778"},"modified":"2018-08-17T10:46:18","modified_gmt":"2018-08-17T10:46:18","slug":"prix-caracteristiques","status":"publish","type":"page","link":"https:\/\/fatbeescooter.com\/fr\/prix-caracteristiques\/","title":{"rendered":"Prix &#8211; Caracteristiques"},"content":{"rendered":"<p><div class=\"fusion-fullwidth fullwidth-box fusion-builder-row-1 nonhundred-percent-fullwidth non-hundred-percent-height-scrolling\" style=\"background-color: rgba(255,255,255,0);background-position: center center;background-repeat: no-repeat;padding-top:20px;padding-right:0px;padding-bottom:0px;padding-left:0px;margin-bottom: 0px;margin-top: 0px;border-width: 0px 0px 0px 0px;border-color:#eae9e9;border-style:solid;\" ><div class=\"fusion-builder-row fusion-row\"><div class=\"fusion-layout-column fusion_builder_column fusion-builder-column-0 fusion_builder_column_1_1 1_1 fusion-one-full fusion-column-first fusion-column-last\" style=\"margin-top:0px;margin-bottom:20px;\"><div class=\"fusion-column-wrapper fusion-flex-column-wrapper-legacy\" style=\"background-position:left top;background-repeat:no-repeat;-webkit-background-size:cover;-moz-background-size:cover;-o-background-size:cover;background-size:cover;padding: 0px 0px 0px 0px;\"><div class=\"fusion-tabs fusion-tabs-1 classic horizontal-tabs icon-position-left\"><style type=\"text\/css\">.fusion-tabs.fusion-tabs-1 .nav-tabs li a.tab-link{border-top-color:#000000;background-color:#000000;}.fusion-tabs.fusion-tabs-1 .nav-tabs{background-color:rgba(49,53,57,0);}.fusion-tabs.fusion-tabs-1 .nav-tabs li.active a.tab-link,.fusion-tabs.fusion-tabs-1 .nav-tabs li.active a.tab-link:hover,.fusion-tabs.fusion-tabs-1 .nav-tabs li.active a.tab-link:focus{border-right-color:rgba(49,53,57,0);}.fusion-tabs.fusion-tabs-1 .nav-tabs li.active a.tab-link,.fusion-tabs.fusion-tabs-1 .nav-tabs li.active a.tab-link:hover,.fusion-tabs.fusion-tabs-1 .nav-tabs li.active a.tab-link:focus{background-color:rgba(49,53,57,0);}.fusion-tabs.fusion-tabs-1 .nav-tabs li a:hover{background-color:rgba(49,53,57,0);border-top-color:rgba(49,53,57,0);}.fusion-tabs.fusion-tabs-1 .tab-pane{background-color:rgba(49,53,57,0);}.fusion-tabs.fusion-tabs-1 .nav,.fusion-tabs.fusion-tabs-1 .nav-tabs,.fusion-tabs.fusion-tabs-1 .tab-content .tab-pane{border-color:rgba(255,255,255,0);}<\/style><div class=\"nav\"><ul class=\"nav-tabs nav-justified\" role=\"tablist\"><li class=\"active\"><a class=\"tab-link\" data-toggle=\"tab\" role=\"tab\" aria-controls=\"tab-1f77608512d1240169f\" aria-selected=\"true\" id=\"fusion-tab-caracteristiques\" href=\"#tab-1f77608512d1240169f\"><h4 class=\"fusion-tab-heading\">CARACTERISTIQUES<\/h4><\/a><\/li><li><a class=\"tab-link\" data-toggle=\"tab\" role=\"tab\" aria-controls=\"tab-9a19642ec92d9d2f347\" aria-selected=\"false\" tabindex=\"-1\" id=\"fusion-tab-prix\" href=\"#tab-9a19642ec92d9d2f347\"><h4 class=\"fusion-tab-heading\">PRIX<\/h4><\/a><\/li><\/ul><\/div><div class=\"tab-content\"><div class=\"nav fusion-mobile-tab-nav\"><ul class=\"nav-tabs nav-justified\"><li class=\"active\"><a class=\"tab-link\" data-toggle=\"tab\" role=\"tab\" aria-controls=\"tab-1f77608512d1240169f\" aria-selected=\"true\" id=\"mobile-fusion-tab-caracteristiques\" href=\"#tab-1f77608512d1240169f\"><h4 class=\"fusion-tab-heading\">CARACTERISTIQUES<\/h4><\/a><\/li><\/ul><\/div><div class=\"tab-pane fade fusion-clearfix in active\" role=\"tabpanel\" tabindex=\"0\" aria-labelledby=\"fusion-tab-caracteristiques\" id=\"tab-1f77608512d1240169f\">\n\n<div class=\"table-2\">\n<table width=\"100%\">\n<thead>\n<tr bgcolor=\"#ebd400\">\n<th align=\"left\">\n<h4><strong><span style=\"color: #000000;\">MOD\u00c8LES<\/span><\/strong><\/h4>\n<\/th>\n<th align=\"left\">\n<h4><strong><span style=\"color: #000000;\">X1 \u2013 1500w<\/span><\/strong><\/h4>\n<\/th>\n<\/tr>\n<\/thead>\n<tbody>\n<tr bgcolor=\"#000000\">\n<td align=\"left\">LONGUEUR<\/td>\n<td align=\"left\">1880 mm<\/td>\n<\/tr>\n<tr>\n<td align=\"left\">LARGEUR<\/td>\n<td align=\"left\">330 mm<\/td>\n<\/tr>\n<tr bgcolor=\"#000000\">\n<td align=\"left\">HAUTEUR SELLE<\/td>\n<td align=\"left\">700 mm<\/td>\n<\/tr>\n<tr>\n<td align=\"left\">HAUTEUR GUIDON<\/td>\n<td align=\"left\">1090 mm<\/td>\n<\/tr>\n<tr bgcolor=\"#000000\">\n<td align=\"left\">ENTRAXE<\/td>\n<td align=\"left\">1390 mm<\/td>\n<\/tr>\n<tr>\n<td align=\"left\">POIDS<\/td>\n<td align=\"left\">75 Kg<\/td>\n<\/tr>\n<tr bgcolor=\"#000000\">\n<td align=\"left\">PNEUS AV\/AR<\/td>\n<td align=\"left\">18\u00d79.5 POUCES<\/td>\n<\/tr>\n<tr>\n<td align=\"left\">SUSPENSION AVANT<\/td>\n<td align=\"left\">Fourche hydraulique<\/td>\n<\/tr>\n<tr bgcolor=\"#000000\">\n<td align=\"left\">SUSPENSION ARRIERE<\/td>\n<td align=\"left\">Amortisseur central<\/td>\n<\/tr>\n<tr>\n<td align=\"left\">FREINS AVANT \/ARRIERE<\/td>\n<td align=\"left\">Disque hydraulique<\/td>\n<\/tr>\n<tr bgcolor=\"#000000\">\n<td align=\"left\">CHARGE MAXIMUM<\/td>\n<td align=\"left\">200 Kg<\/td>\n<\/tr>\n<tr>\n<td align=\"left\">MOTEUR BRUSHLESS<\/td>\n<td align=\"left\">1500 W<\/td>\n<\/tr>\n<tr bgcolor=\"#000000\">\n<td align=\"left\">COUPLE<\/td>\n<td align=\"left\">105 NM<\/td>\n<\/tr>\n<tr>\n<td align=\"left\">BATTERIE EXTRACTIBLE<\/td>\n<td align=\"left\">Lithium ion<\/td>\n<\/tr>\n<tr bgcolor=\"#000000\">\n<td align=\"left\">BATTERIE VOLT \/AMPERES<\/td>\n<td align=\"left\">60V21AH<\/td>\n<\/tr>\n<tr>\n<td align=\"left\">TEMPS DE CHARGE<\/td>\n<td align=\"left\">2 h\/80% &#8211; 6h\/100%<\/td>\n<\/tr>\n<tr bgcolor=\"#000000\">\n<td align=\"left\">AUTONOMIE (20km\/h)<\/td>\n<td align=\"left\">55 km<\/td>\n<\/tr>\n<tr>\n<td align=\"left\">PHARE AVANT 18mm<\/td>\n<td align=\"left\"><div class=\"fusion-fa-align-left\"><i class=\"fb-icon-element-1 fb-icon-element fontawesome-icon fa fa-check circle-no\" style=\"font-size:15px;margin-right:7.5px;\"><\/i><\/div><style>i.fb-icon-element.fontawesome-icon.fb-icon-element-1{ color: #ebd400;}i.fb-icon-element.fontawesome-icon.fb-icon-element-1:hover { color: #ebd400;}<\/style><\/td>\n<\/tr>\n<tr bgcolor=\"#000000\">\n<td align=\"left\">FEUX ARRIERE<\/td>\n<td align=\"left\"><div class=\"fusion-fa-align-left\"><i class=\"fb-icon-element-2 fb-icon-element fontawesome-icon fa fa-check circle-no\" style=\"font-size:15px;margin-right:7.5px;\"><\/i><\/div><style>i.fb-icon-element.fontawesome-icon.fb-icon-element-2{ color: #ebd400;}i.fb-icon-element.fontawesome-icon.fb-icon-element-2:hover { color: #ebd400;}<\/style><\/td>\n<\/tr>\n<tr>\n<td align=\"left\">CLIGNOTANTS<\/td>\n<td align=\"left\"><div class=\"fusion-fa-align-left\"><i class=\"fb-icon-element-3 fb-icon-element fontawesome-icon fa fa-check circle-no\" style=\"font-size:15px;margin-right:7.5px;\"><\/i><\/div><style>i.fb-icon-element.fontawesome-icon.fb-icon-element-3{ color: #ebd400;}i.fb-icon-element.fontawesome-icon.fb-icon-element-3:hover { color: #ebd400;}<\/style><\/td>\n<\/tr>\n<tr bgcolor=\"#000000\">\n<td align=\"left\">RETROVISEURS<\/td>\n<td align=\"left\"><div class=\"fusion-fa-align-left\"><i class=\"fb-icon-element-4 fb-icon-element fontawesome-icon fa fa-check circle-no\" style=\"font-size:15px;margin-right:7.5px;\"><\/i><\/div><style>i.fb-icon-element.fontawesome-icon.fb-icon-element-4{ color: #ebd400;}i.fb-icon-element.fontawesome-icon.fb-icon-element-4:hover { color: #ebd400;}<\/style><\/td>\n<\/tr>\n<tr>\n<td align=\"left\">SELLE DOUBLE<\/td>\n<td align=\"left\"><div class=\"fusion-fa-align-left\"><i class=\"fb-icon-element-5 fb-icon-element fontawesome-icon fa fa-check circle-no\" style=\"font-size:15px;margin-right:7.5px;\"><\/i><\/div><style>i.fb-icon-element.fontawesome-icon.fb-icon-element-5{ color: #ebd400;}i.fb-icon-element.fontawesome-icon.fb-icon-element-5:hover { color: #ebd400;}<\/style><\/td>\n<\/tr>\n<tr bgcolor=\"#000000\">\n<td align=\"left\">KLAXON<\/td>\n<td align=\"left\"><div class=\"fusion-fa-align-left\"><i class=\"fb-icon-element-6 fb-icon-element fontawesome-icon fa fa-check circle-no\" style=\"font-size:15px;margin-right:7.5px;\"><\/i><\/div><style>i.fb-icon-element.fontawesome-icon.fb-icon-element-6{ color: #ebd400;}i.fb-icon-element.fontawesome-icon.fb-icon-element-6:hover { color: #ebd400;}<\/style><\/td>\n<\/tr>\n<tr>\n<td align=\"left\">ALARME<\/td>\n<td align=\"left\"><div class=\"fusion-fa-align-left\"><i class=\"fb-icon-element-7 fb-icon-element fontawesome-icon fa fa-check circle-no\" style=\"font-size:15px;margin-right:7.5px;\"><\/i><\/div><style>i.fb-icon-element.fontawesome-icon.fb-icon-element-7{ color: #ebd400;}i.fb-icon-element.fontawesome-icon.fb-icon-element-7:hover { color: #ebd400;}<\/style><\/td>\n<\/tr>\n<tr bgcolor=\"#000000\">\n<td align=\"left\">BOUTON START \/ STOP<\/td>\n<td align=\"left\"><div class=\"fusion-fa-align-left\"><i class=\"fb-icon-element-8 fb-icon-element fontawesome-icon fa fa-check circle-no\" style=\"font-size:15px;margin-right:7.5px;\"><\/i><\/div><style>i.fb-icon-element.fontawesome-icon.fb-icon-element-8{ color: #ebd400;}i.fb-icon-element.fontawesome-icon.fb-icon-element-8:hover { color: #ebd400;}<\/style><\/td>\n<\/tr>\n<tr>\n<td align=\"left\">DEMARRAGE INDUCTION<\/td>\n<td align=\"left\"><div class=\"fusion-fa-align-left\"><i class=\"fb-icon-element-9 fb-icon-element fontawesome-icon fa fa-check circle-no\" style=\"font-size:15px;margin-right:7.5px;\"><\/i><\/div><style>i.fb-icon-element.fontawesome-icon.fb-icon-element-9{ color: #ebd400;}i.fb-icon-element.fontawesome-icon.fb-icon-element-9:hover { color: #ebd400;}<\/style><\/td>\n<\/tr>\n<tr bgcolor=\"#000000\">\n<td align=\"left\">COMPTEUR VITESSE\/KM\/CHARGE BATTERIE<\/td>\n<td align=\"left\"><div class=\"fusion-fa-align-left\"><i class=\"fb-icon-element-10 fb-icon-element fontawesome-icon fa fa-check circle-no\" style=\"font-size:15px;margin-right:7.5px;\"><\/i><\/div><style>i.fb-icon-element.fontawesome-icon.fb-icon-element-10{ color: #ebd400;}i.fb-icon-element.fontawesome-icon.fb-icon-element-10:hover { color: #ebd400;}<\/style><\/td>\n<\/tr>\n<tr>\n<td align=\"left\">VERROUILLAGE MOTEUR<\/td>\n<td align=\"left\"><div class=\"fusion-fa-align-left\"><i class=\"fb-icon-element-11 fb-icon-element fontawesome-icon fa fa-check circle-no\" style=\"font-size:15px;margin-right:7.5px;\"><\/i><\/div><style>i.fb-icon-element.fontawesome-icon.fb-icon-element-11{ color: #ebd400;}i.fb-icon-element.fontawesome-icon.fb-icon-element-11:hover { color: #ebd400;}<\/style><\/td>\n<\/tr>\n<tr bgcolor=\"#000000\">\n<td align=\"left\">GARANTIE (sauf batterie)<\/td>\n<td align=\"left\">2 ans<\/td>\n<\/tr>\n<tr>\n<td align=\"left\">CERTIFICATION CEE<\/td>\n<td align=\"left\"><div class=\"fusion-fa-align-left\"><i class=\"fb-icon-element-12 fb-icon-element fontawesome-icon fa fa-check circle-no\" style=\"font-size:15px;margin-right:7.5px;\"><\/i><\/div><style>i.fb-icon-element.fontawesome-icon.fb-icon-element-12{ color: #ebd400;}i.fb-icon-element.fontawesome-icon.fb-icon-element-12:hover { color: #ebd400;}<\/style><\/td>\n<\/tr>\n<tr bgcolor=\"#000000\">\n<td align=\"left\">COULEURS STANDARD<\/td>\n<td colspan=\"4\" align=\"left\"><img decoding=\"async\" class=\"size-medium wp-image-964 alignleft\" src=\"https:\/\/fatbeescooter.com\/wp-content\/uploads\/2017\/05\/colores-300x49.png\" alt=\"\" width=\"300\" height=\"49\" srcset=\"https:\/\/fatbeescooter.com\/wp-content\/uploads\/2017\/05\/colores-200x33.png 200w, https:\/\/fatbeescooter.com\/wp-content\/uploads\/2017\/05\/colores-300x49.png 300w, https:\/\/fatbeescooter.com\/wp-content\/uploads\/2017\/05\/colores.png 400w\" sizes=\"(max-width: 300px) 100vw, 300px\" \/><\/td>\n<\/tr>\n<tr>\n<td align=\"left\">COULEURS METAL \/MAT \/ URBAN<\/td>\n<td align=\"left\"><\/td>\n<\/tr>\n<tr bgcolor=\"#000000\">\n<td align=\"left\">CADRE NOIRE OU BLANC<\/td>\n<td align=\"left\"><div class=\"fusion-fa-align-left\"><i class=\"fb-icon-element-13 fb-icon-element fontawesome-icon fa fa-check circle-no\" style=\"font-size:15px;margin-right:7.5px;\"><\/i><\/div><style>i.fb-icon-element.fontawesome-icon.fb-icon-element-13{ color: #ebd400;}i.fb-icon-element.fontawesome-icon.fb-icon-element-13:hover { color: #ebd400;}<\/style><\/td>\n<\/tr>\n<\/tbody>\n<\/table>\n<\/div>\n\n<\/div><div class=\"nav fusion-mobile-tab-nav\"><ul class=\"nav-tabs nav-justified\"><li><a class=\"tab-link\" data-toggle=\"tab\" role=\"tab\" aria-controls=\"tab-9a19642ec92d9d2f347\" aria-selected=\"false\" tabindex=\"-1\" id=\"mobile-fusion-tab-prix\" href=\"#tab-9a19642ec92d9d2f347\"><h4 class=\"fusion-tab-heading\">PRIX<\/h4><\/a><\/li><\/ul><\/div><div class=\"tab-pane fade fusion-clearfix\" role=\"tabpanel\" tabindex=\"0\" aria-labelledby=\"fusion-tab-prix\" id=\"tab-9a19642ec92d9d2f347\">\n\n<div class=\"table-2\">\n<table width=\"100%\">\n<thead>\n<tr bgcolor=\"#ebd400\">\n<td align=\"left\">\n<h4><strong><span style=\"color: #000000;\">MOD\u00c8LES<\/span><\/strong><\/h4>\n<\/td>\n<td align=\"left\">\n<h4><\/h4>\n<\/td>\n<td align=\"left\">\n<h4><strong><span style=\"color: #000000;\">X1 \u2013 1500w<\/span><\/strong><\/h4>\n<\/td>\n<\/tr>\n<\/thead>\n<tbody>\n<tr bgcolor=\"#000000\">\n<td align=\"left\">PRIX HT<\/td>\n<td align=\"left\"><\/td>\n<td align=\"left\">1.990 \u20ac<\/td>\n<\/tr>\n<tr>\n<td align=\"left\">PRIX TTC (FRANCE)<\/td>\n<td align=\"left\"><\/td>\n<td align=\"left\">2.388 \u20ac<\/td>\n<\/tr>\n<tr bgcolor=\"#000000\">\n<td align=\"left\">BATTERIE SUPPLEMENTAIRE TTC<\/td>\n<td align=\"left\"><\/td>\n<td align=\"left\">568 \u20ac<\/td>\n<\/tr>\n<tr bgcolor=\"#ebd400\">\n<td align=\"left\">\n<h4><strong><span style=\"color: #000000;\">ACCESSOIRES<\/span><\/strong><\/h4>\n<\/td>\n<td align=\"left\"><\/td>\n<td align=\"left\">\n<h4><span style=\"color: #000000;\"><strong>TTC<\/strong><\/span><\/h4>\n<\/td>\n<\/tr>\n<tr bgcolor=\"#000000\">\n<td align=\"left\">CASQUE<\/td>\n<td align=\"left\"><\/td>\n<td align=\"left\">59 \u20ac<\/td>\n<\/tr>\n<tr>\n<td align=\"left\">SACOCHE<\/td>\n<td align=\"left\"><\/td>\n<td align=\"left\">19 \u20ac<\/td>\n<\/tr>\n<tr bgcolor=\"#000000\">\n<td align=\"left\">SONNETTE<\/td>\n<td align=\"left\"><\/td>\n<td align=\"left\">17 \u20ac<\/td>\n<\/tr>\n<\/tbody>\n<\/table>\n<\/div>\n\n<\/div><\/div><\/div><div class=\"fusion-clearfix\"><\/div><\/div><\/div><\/div><\/div><div class=\"fusion-fullwidth fullwidth-box fusion-builder-row-2 nonhundred-percent-fullwidth non-hundred-percent-height-scrolling\" style=\"background-color: rgba(255,255,255,0);background-position: center center;background-repeat: no-repeat;padding-top:0px;padding-right:0px;padding-bottom:0px;padding-left:0px;margin-bottom: 0px;margin-top: 0px;border-width: 0px 0px 0px 0px;border-color:#eae9e9;border-style:solid;\" ><div class=\"fusion-builder-row fusion-row\"><div class=\"fusion-layout-column fusion_builder_column fusion-builder-column-1 fusion_builder_column_1_1 1_1 fusion-one-full fusion-column-first fusion-column-last\" style=\"margin-top:0px;margin-bottom:20px;\"><div class=\"fusion-column-wrapper fusion-flex-column-wrapper-legacy\" style=\"background-position:left top;background-repeat:no-repeat;-webkit-background-size:cover;-moz-background-size:cover;-o-background-size:cover;background-size:cover;padding: 0px 0px 0px 0px;\"><style type='text\/css'>.reading-box-container-1 .element-bottomshadow:before,.reading-box-container-1 .element-bottomshadow:after{opacity:0.70;}<\/style><div class=\"fusion-reading-box-container reading-box-container-1\" style=\"margin-top:0px;margin-bottom:84px;\"><div class=\"reading-box reading-box-center element-bottomshadow\" style=\"background-color:#313539;border-width:1px;border-color:#ebd400;border-left-width:3px;border-left-color:var(--primary_color);border-style:solid;\"><div class=\"reading-box-additional\">\n<p style=\"text-align: justify;\"><span style=\"color: #ffffff;\">* Conditions de test: Essai non stop \u00e0 20 km\/h, batterie charg\u00e9e \u00e0 100%, conducteur 50 kg<\/span><\/p>\n<p style=\"text-align: justify;\"><span style=\"color: #ffffff;\">Cette trottinette \u00e9lectrique est homologu\u00e9e CE. Elle est \u00e9quip\u00e9e d&rsquo;une selle, est capable de d\u00e9passer 6km\/h et peut \u00eatre brid\u00e9e pour ne pas d\u00e9passer 25 km\/h. Elle est r\u00e9serv\u00e9e exclusivement \u00e0 un usage sur terrain priv\u00e9. Dans certains pays, communes et villes elle peut \u00eatre utilis\u00e9e sur les pistes cyclables ou la route si celle-ci n&rsquo;en poss\u00e8de pas. Ce renseigner sur la l\u00e9gislation en vigeur dans le pays, d\u00e9partement, ville dans laquelle elle sera utilis\u00e9e avant son usage. Fatbee produit et commercialise des produits \u00e0 l&rsquo;international avec des r\u00e8gles diff\u00e9rentes de partout. Fatbee se d\u00e9charge de toute responsabilit\u00e9 en cas de mauvais usage.<br \/>\n<a href=\"https:\/\/www.dgt.es\/Galerias\/seguridad-vial\/normativa-legislacion\/otras-normas\/modificaciones\/2016\/Instr_16_V_124_Vehiculos_Movilidad_Personal.pdf\" target=\"_blank\" rel=\"noopener\"><i class=\"fb-icon-element-14 fb-icon-element fontawesome-icon fa fa-file-pdf-o circle-no fusion-text-flow\" style=\"font-size:32px;margin-right:16px;\"><\/i><style>i.fb-icon-element.fontawesome-icon.fb-icon-element-14{ color: #ebd400;}i.fb-icon-element.fontawesome-icon.fb-icon-element-14:hover { color: #ebd400;}<\/style>Nos v\u00e9hicules sont conformes \u00e0 l&rsquo;Instruction DGT 16\/V-124 pour VMP (V\u00e9hicules de Mobilit\u00e9 Personnelle).<\/a><\/span><\/p>\n<\/div><div class=\"fusion-clearfix\"><\/div><\/div><\/div><div class=\"fusion-clearfix\"><\/div><\/div><\/div><\/div><\/div><\/p>\n","protected":false},"excerpt":{"rendered":"","protected":false},"author":1,"featured_media":0,"parent":0,"menu_order":0,"comment_status":"closed","ping_status":"closed","template":"","meta":{"footnotes":""},"class_list":["post-2778","page","type-page","status-publish","hentry"],"yoast_head":"<!-- This site is optimized with the Yoast SEO plugin v26.4 - https:\/\/yoast.com\/wordpress\/plugins\/seo\/ -->\n<title>Prix - Caracteristiques - Fatbee Scooter<\/title>\n<meta name=\"robots\" content=\"index, follow, max-snippet:-1, max-image-preview:large, max-video-preview:-1\" \/>\n<link rel=\"canonical\" href=\"https:\/\/fatbeescooter.com\/fr\/prix-caracteristiques\/\" \/>\n<meta property=\"og:locale\" content=\"fr_FR\" \/>\n<meta property=\"og:type\" content=\"article\" \/>\n<meta property=\"og:title\" content=\"Prix - Caracteristiques - Fatbee Scooter\" \/>\n<meta property=\"og:url\" content=\"https:\/\/fatbeescooter.com\/fr\/prix-caracteristiques\/\" \/>\n<meta property=\"og:site_name\" content=\"Fatbee Scooter\" \/>\n<meta property=\"article:modified_time\" content=\"2018-08-17T10:46:18+00:00\" \/>\n<meta property=\"og:image\" content=\"https:\/\/fatbeescooter.com\/wp-content\/uploads\/2017\/05\/colores-300x49.png\" \/>\n<meta name=\"twitter:card\" content=\"summary_large_image\" \/>\n<meta name=\"twitter:label1\" content=\"Dur\u00e9e de lecture estim\u00e9e\" \/>\n\t<meta name=\"twitter:data1\" content=\"4 minutes\" \/>\n<script type=\"application\/ld+json\" class=\"yoast-schema-graph\">{\"@context\":\"https:\/\/schema.org\",\"@graph\":[{\"@type\":\"WebPage\",\"@id\":\"https:\/\/fatbeescooter.com\/fr\/prix-caracteristiques\/\",\"url\":\"https:\/\/fatbeescooter.com\/fr\/prix-caracteristiques\/\",\"name\":\"Prix - Caracteristiques - Fatbee Scooter\",\"isPartOf\":{\"@id\":\"https:\/\/fatbeescooter.com\/fr\/#website\"},\"primaryImageOfPage\":{\"@id\":\"https:\/\/fatbeescooter.com\/fr\/prix-caracteristiques\/#primaryimage\"},\"image\":{\"@id\":\"https:\/\/fatbeescooter.com\/fr\/prix-caracteristiques\/#primaryimage\"},\"thumbnailUrl\":\"https:\/\/fatbeescooter.com\/wp-content\/uploads\/2017\/05\/colores-300x49.png\",\"datePublished\":\"2017-11-07T12:03:18+00:00\",\"dateModified\":\"2018-08-17T10:46:18+00:00\",\"breadcrumb\":{\"@id\":\"https:\/\/fatbeescooter.com\/fr\/prix-caracteristiques\/#breadcrumb\"},\"inLanguage\":\"fr-FR\",\"potentialAction\":[{\"@type\":\"ReadAction\",\"target\":[\"https:\/\/fatbeescooter.com\/fr\/prix-caracteristiques\/\"]}]},{\"@type\":\"ImageObject\",\"inLanguage\":\"fr-FR\",\"@id\":\"https:\/\/fatbeescooter.com\/fr\/prix-caracteristiques\/#primaryimage\",\"url\":\"https:\/\/fatbeescooter.com\/wp-content\/uploads\/2017\/05\/colores-300x49.png\",\"contentUrl\":\"https:\/\/fatbeescooter.com\/wp-content\/uploads\/2017\/05\/colores-300x49.png\"},{\"@type\":\"BreadcrumbList\",\"@id\":\"https:\/\/fatbeescooter.com\/fr\/prix-caracteristiques\/#breadcrumb\",\"itemListElement\":[{\"@type\":\"ListItem\",\"position\":1,\"name\":\"Portada\",\"item\":\"https:\/\/fatbeescooter.com\/fr\/\"},{\"@type\":\"ListItem\",\"position\":2,\"name\":\"Prix &#8211; Caracteristiques\"}]},{\"@type\":\"WebSite\",\"@id\":\"https:\/\/fatbeescooter.com\/fr\/#website\",\"url\":\"https:\/\/fatbeescooter.com\/fr\/\",\"name\":\"Fatbee Scooter\",\"description\":\"Marbella\",\"potentialAction\":[{\"@type\":\"SearchAction\",\"target\":{\"@type\":\"EntryPoint\",\"urlTemplate\":\"https:\/\/fatbeescooter.com\/fr\/?s={search_term_string}\"},\"query-input\":{\"@type\":\"PropertyValueSpecification\",\"valueRequired\":true,\"valueName\":\"search_term_string\"}}],\"inLanguage\":\"fr-FR\"}]}<\/script>\n<!-- \/ Yoast SEO plugin. -->","yoast_head_json":{"title":"Prix - Caracteristiques - Fatbee Scooter","robots":{"index":"index","follow":"follow","max-snippet":"max-snippet:-1","max-image-preview":"max-image-preview:large","max-video-preview":"max-video-preview:-1"},"canonical":"https:\/\/fatbeescooter.com\/fr\/prix-caracteristiques\/","og_locale":"fr_FR","og_type":"article","og_title":"Prix - Caracteristiques - Fatbee Scooter","og_url":"https:\/\/fatbeescooter.com\/fr\/prix-caracteristiques\/","og_site_name":"Fatbee Scooter","article_modified_time":"2018-08-17T10:46:18+00:00","og_image":[{"url":"https:\/\/fatbeescooter.com\/wp-content\/uploads\/2017\/05\/colores-300x49.png","type":"","width":"","height":""}],"twitter_card":"summary_large_image","twitter_misc":{"Dur\u00e9e de lecture estim\u00e9e":"4 minutes"},"schema":{"@context":"https:\/\/schema.org","@graph":[{"@type":"WebPage","@id":"https:\/\/fatbeescooter.com\/fr\/prix-caracteristiques\/","url":"https:\/\/fatbeescooter.com\/fr\/prix-caracteristiques\/","name":"Prix - Caracteristiques - Fatbee Scooter","isPartOf":{"@id":"https:\/\/fatbeescooter.com\/fr\/#website"},"primaryImageOfPage":{"@id":"https:\/\/fatbeescooter.com\/fr\/prix-caracteristiques\/#primaryimage"},"image":{"@id":"https:\/\/fatbeescooter.com\/fr\/prix-caracteristiques\/#primaryimage"},"thumbnailUrl":"https:\/\/fatbeescooter.com\/wp-content\/uploads\/2017\/05\/colores-300x49.png","datePublished":"2017-11-07T12:03:18+00:00","dateModified":"2018-08-17T10:46:18+00:00","breadcrumb":{"@id":"https:\/\/fatbeescooter.com\/fr\/prix-caracteristiques\/#breadcrumb"},"inLanguage":"fr-FR","potentialAction":[{"@type":"ReadAction","target":["https:\/\/fatbeescooter.com\/fr\/prix-caracteristiques\/"]}]},{"@type":"ImageObject","inLanguage":"fr-FR","@id":"https:\/\/fatbeescooter.com\/fr\/prix-caracteristiques\/#primaryimage","url":"https:\/\/fatbeescooter.com\/wp-content\/uploads\/2017\/05\/colores-300x49.png","contentUrl":"https:\/\/fatbeescooter.com\/wp-content\/uploads\/2017\/05\/colores-300x49.png"},{"@type":"BreadcrumbList","@id":"https:\/\/fatbeescooter.com\/fr\/prix-caracteristiques\/#breadcrumb","itemListElement":[{"@type":"ListItem","position":1,"name":"Portada","item":"https:\/\/fatbeescooter.com\/fr\/"},{"@type":"ListItem","position":2,"name":"Prix &#8211; Caracteristiques"}]},{"@type":"WebSite","@id":"https:\/\/fatbeescooter.com\/fr\/#website","url":"https:\/\/fatbeescooter.com\/fr\/","name":"Fatbee Scooter","description":"Marbella","potentialAction":[{"@type":"SearchAction","target":{"@type":"EntryPoint","urlTemplate":"https:\/\/fatbeescooter.com\/fr\/?s={search_term_string}"},"query-input":{"@type":"PropertyValueSpecification","valueRequired":true,"valueName":"search_term_string"}}],"inLanguage":"fr-FR"}]}},"_links":{"self":[{"href":"https:\/\/fatbeescooter.com\/fr\/wp-json\/wp\/v2\/pages\/2778","targetHints":{"allow":["GET"]}}],"collection":[{"href":"https:\/\/fatbeescooter.com\/fr\/wp-json\/wp\/v2\/pages"}],"about":[{"href":"https:\/\/fatbeescooter.com\/fr\/wp-json\/wp\/v2\/types\/page"}],"author":[{"embeddable":true,"href":"https:\/\/fatbeescooter.com\/fr\/wp-json\/wp\/v2\/users\/1"}],"replies":[{"embeddable":true,"href":"https:\/\/fatbeescooter.com\/fr\/wp-json\/wp\/v2\/comments?post=2778"}],"version-history":[{"count":44,"href":"https:\/\/fatbeescooter.com\/fr\/wp-json\/wp\/v2\/pages\/2778\/revisions"}],"predecessor-version":[{"id":3127,"href":"https:\/\/fatbeescooter.com\/fr\/wp-json\/wp\/v2\/pages\/2778\/revisions\/3127"}],"wp:attachment":[{"href":"https:\/\/fatbeescooter.com\/fr\/wp-json\/wp\/v2\/media?parent=2778"}],"curies":[{"name":"wp","href":"https:\/\/api.w.org\/{rel}","templated":true}]}}